{"id":9,"date":"2024-10-01T13:29:27","date_gmt":"2024-10-01T11:29:27","guid":{"rendered":"https:\/\/arlieconsulting.fr\/?page_id=9"},"modified":"2025-02-05T15:00:56","modified_gmt":"2025-02-05T14:00:56","slug":"accueil","status":"publish","type":"page","link":"https:\/\/arlieconsulting.fr\/","title":{"rendered":"Accueil"},"content":{"rendered":"\n<figure class=\"wp-block-image alignfull size-large\"><img loading=\"lazy\" decoding=\"async\" width=\"1024\" height=\"678\" src=\"https:\/\/arlieconsulting.fr\/wp-content\/uploads\/2025\/02\/mountain-8079469_1280-1-1024x678.jpg\" alt=\"\" class=\"wp-image-79\" srcset=\"https:\/\/arlieconsulting.fr\/wp-content\/uploads\/2025\/02\/mountain-8079469_1280-1-1024x678.jpg 1024w, https:\/\/arlieconsulting.fr\/wp-content\/uploads\/2025\/02\/mountain-8079469_1280-1-300x199.jpg 300w, https:\/\/arlieconsulting.fr\/wp-content\/uploads\/2025\/02\/mountain-8079469_1280-1-768x509.jpg 768w, https:\/\/arlieconsulting.fr\/wp-content\/uploads\/2025\/02\/mountain-8079469_1280-1-1536x1018.jpg 1536w, https:\/\/arlieconsulting.fr\/wp-content\/uploads\/2025\/02\/mountain-8079469_1280-1.jpg 1920w\" sizes=\"auto, (max-width: 1024px) 100vw, 1024px\" \/><\/figure>\n\n\n\n<div class=\"wp-block-columns is-layout-flex wp-container-core-columns-is-layout-28f84493 wp-block-columns-is-layout-flex\">\n<div class=\"wp-block-column is-layout-flow wp-block-column-is-layout-flow\">\n<h2 class=\"wp-block-heading has-text-align-center\">Exp\u00e9riences<\/h2>\n\n\n\n<p>Petit texte d&rsquo;explication. Lorem ipsum&#8230; zetergzhedfhzfheiojfzpojefopzjefozejfopzjefiopzefjizpejfipzejfiozpejfopzejfopzjefopzjefopzjefopzejfopzjefopzejfozjefopzjefopzejfopzejfopzejfopzejfopzefjozpejfopzejfozpefjozpefjopzejfozefjozpejfopzejfopzejfopzejfzopefjozpefjzopefjozpejfzopejfpozefjopzefjpzoefjopefjezopjfzp<\/p>\n<\/div>\n\n\n\n<div class=\"wp-block-column is-layout-flow wp-block-column-is-layout-flow\">\n<h2 class=\"wp-block-heading has-text-align-center\">Expertises<\/h2>\n\n\n\n<p>Petit texte d&rsquo;explication. Lorem ipsum&#8230; zetergzhedfhzfheiojfzpojefopzjefozejfopzjefiopzefjizpejfipzejfiozpejfopzejfopzjefopzjefopzjefopzejfopzjefopzejfozjefopzjefopzejfopzejfopzejfopzejfopzefjozpejfopzejfozpefjozpefjopzejfozefjozpejfopzejfopzejfopzejfzopefjozpefjzopefjozpejfzopejfpozefjopzefjpzoefjopefjezopjfzp<\/p>\n<\/div>\n\n\n\n<div class=\"wp-block-column is-layout-flow wp-block-column-is-layout-flow\">\n<h2 class=\"wp-block-heading has-text-align-center\">Prestation globale<\/h2>\n\n\n\n<p>Petit texte d&rsquo;explication. Lorem ipsum&#8230; zetergzhedfhzfheiojfzpojefopzjefozejfopzjefiopzefjizpejfipzejfiozpejfopzejfopzjefopzjefopzjefopzejfopzjefopzejfozjefopzjefopzejfopzejfopz<\/p>\n<\/div>\n<\/div>\n\n\n\n<h2 class=\"wp-block-heading has-text-align-center\">Nos prestations<\/h2>\n\n\n\n<div class=\"wp-block-columns is-layout-flex wp-container-core-columns-is-layout-28f84493 wp-block-columns-is-layout-flex\">\n<div class=\"wp-block-column is-layout-flow wp-block-column-is-layout-flow\">\n<h3 class=\"wp-block-heading has-text-align-center\">Valorisation<\/h3>\n\n\n\n<p>Petit texte d&rsquo;explication. Lorem ipsum&#8230; zetergzhedfhzfheiojfzpojefopzjefozejfopzjefiopzefjizpejfipzejfiozpejfopzejfopzjefopzjefopzjefopzejfopzjefopzejfozjefopzjefopzejfopzejfopzejfopzejfopzefjozpejfopzejfozpefjozpefjopzejfozefjozpejfopzejfopzejfopzejfzopefjozpefjzopefjozpejfzopejfpozefjopzefjpzoefjopefjezopjfzp<\/p>\n<\/div>\n\n\n\n<div class=\"wp-block-column is-layout-flow wp-block-column-is-layout-flow\">\n<h3 class=\"wp-block-heading has-text-align-center\">Analyse strat\u00e9gique<\/h3>\n\n\n\n<p>Petit texte d&rsquo;explication. Lorem ipsum&#8230; zetergzhedfhzfheiojfzpojefopzjefozejfopzjefiopzefjizpejfipzejfiozpejfopzejfopzjefopzjefopzjefopzejfopzjefopzejfozjefopzjefopzejfopzejfopzejfopzejfopzefjozpejfopzejfozpefjozpefjopzejfozefjozpejfopzejfopzejfopzejfzopefjozpefjzopefjozpej<\/p>\n<\/div>\n\n\n\n<div class=\"wp-block-column is-layout-flow wp-block-column-is-layout-flow\">\n<h3 class=\"wp-block-heading has-text-align-center\">Cession Acquisition Lev\u00e9e de fonds<\/h3>\n\n\n\n<p>Petit texte d&rsquo;explication. Lorem ipsum&#8230; zetergzhedfhzfheiojfzpojefopzjefozejfopzjefiopzefjizpejfipzejfiozpejfopzejfopzjefopzjefopzjefopzejfopzjefopzejfozjefopzjefopzejfopzejfopzejfopzejfopzefjozpej<\/p>\n<\/div>\n\n\n\n<div class=\"wp-block-column is-layout-flow wp-block-column-is-layout-flow\">\n<h3 class=\"wp-block-heading has-text-align-center\">Ing\u00e9nierie du patrimoine et financi\u00e8re<\/h3>\n\n\n\n<p>Petit texte d&rsquo;explication. Lorem ipsum&#8230; zetergzhedfhzfheiojfzpojefopzjefozejfopzjefiopzefjizpejfipzejfiozpejfopzejfopzjefopzjefopzjefopzejfopzjefopzejfozjefopzjefopzejfopzejfopzejfopzejfopzefjozpej<\/p>\n<\/div>\n\n\n\n<div class=\"wp-block-column is-layout-flow wp-block-column-is-layout-flow\">\n<h3 class=\"wp-block-heading has-text-align-center\">Formations sur mesure<\/h3>\n\n\n\n<p>Petit texte d&rsquo;explication. Lorem ipsum&#8230; zetergzhedfhzfheiojfzpojefopzjefozejfopzjefiopzefjizpejfipzejfiozpejfopzejfopzjefopzjefopzjefopzejfopzjefopzejfozjefopzjefopzejfopzejfopzejfopzejfopzefjozpejfopzejfozpefjozpefjopzejfozefjozpejfopzejfopzejfopzejfzopefjozpefjzopefjozpej<\/p>\n<\/div>\n<\/div>\n\n\n\n<h2 class=\"wp-block-heading has-text-align-center has-x-large-font-size\" style=\"margin-top:0;margin-right:0;margin-bottom:0;margin-left:0\"><strong>Formation et Profil du dirigeant<\/strong><\/h2>\n\n\n\n<p class=\"has-text-align-center\" style=\"margin-top:0;margin-bottom:0;padding-top:0;padding-right:0;padding-bottom:0;padding-left:0;font-size:1.3rem\">Ecole Polytechnique<br>Ecole Nationale sup\u00e9rieure des T\u00e9l\u00e9communications<br>Dipl\u00f4me sup\u00e9rieur d\u2019expertise comptable<br>Master de management des Entreprises Lyon III<br>Chef de bureau Minist\u00e8re de l\u2019industrie<br>Banquier d\u2019affaires (Natixis et Rabobank)<br>Directeur financier puis Pr\u00e9sident du Directoire de la soci\u00e9t\u00e9 internationale Tivoly, cot\u00e9e en Bourse.<br>Accompagne et Investit dans des start-ups via Savoie Mont Blanc Angels et Grenoble Angels.<\/p>\n\n\n\n<h2 class=\"wp-block-heading has-text-align-center has-x-large-font-size\">Raison d\u2019\u00eatre d\u2019Arlie<\/h2>\n\n\n\n<p class=\"has-text-align-center\" style=\"margin-top:0;margin-bottom:0;padding-top:0;padding-bottom:0;font-size:1.3rem\">Gr\u00e2ce \u00e0 ses diverses exp\u00e9riences et \u00e0 son r\u00e9seau, Arlie a \u00e9t\u00e9 cr\u00e9\u00e9e en 2011 pour r\u00e9pondre \u00e0 un besoin non satisfait : pr\u00e9parer les PME \u00e0 la cession.<br>En effet, trop souvent :<br>\u2022 d\u2019une part une vraie pr\u00e9paration \u00e0 la cession permet d\u2019accroitre significativement la valeur r\u00e9elle de l\u2019entreprise<br>\u2022 d\u2019autre part les soci\u00e9t\u00e9s sont trop souvent valoris\u00e9es selon le seul angle comptable<br>Pour ce faire, Arlie travaille soit seule, soit avec un r\u00e9seau de partenaires de premier plan, r\u00e9gional ou national (CGP, avocats, experts-comptables, consultants dans tous les domaines op\u00e9rationnels : commercial, production, logistique, RH, finance bas de bilan, R&amp;D, etc\u2026). Arlie est membre de la CNCEF\/France M&amp;A (Chambre Nationale des Conseils Experts-Financiers).<\/p>\n\n\n\n<h2 class=\"wp-block-heading has-text-align-center has-x-large-font-size\">Services propos\u00e9s<\/h2>\n\n\n\n<p class=\"has-text-align-center\" style=\"margin-top:0;margin-bottom:0;font-size:1.3rem\">Arlie propose :<br>La pr\u00e9paration et la cession d\u2019entreprise (valorisation minimale 1M\u20ac).<br>Toutes les prestations concernant le capital de la soci\u00e9t\u00e9 : valorisation, assistance au calcul d\u2019earn-out d\u2019une op\u00e9ration pass\u00e9e, restructuration d\u2019actionnariat, transmission familiale, OBO, mise en place d\u2019un nouveau pacte d\u2019actionnaire, montages financiers de \u00ab haut de bilan \u00bb.<br>Arlie est une des rares soci\u00e9t\u00e9s de conseil \u00e0 proposer d\u2019intervenir tr\u00e8s en amont de la cession (jusque 2 ans \u00e0 l\u2019avance), pour la pr\u00e9parer au mieux.<br>Le c\u00e9dant n\u2019est jamais oblig\u00e9 de r\u00e9mun\u00e9rer Arlie s\u2019il renonce \u00e0 la cession, m\u00eame si Arlie a trouv\u00e9 un acqu\u00e9reur offrant le prix recherch\u00e9.<\/p>\n\n\n\n<h2 class=\"wp-block-heading has-text-align-center has-x-large-font-size\">Francession<\/h2>\n\n\n\n<p class=\"has-text-align-center\" style=\"margin-top:0;margin-bottom:0;font-size:1.3rem\">Arlie est membre de Francession, l\u2019un des principaux intervenants fran\u00e7ais dans les fusions-acquisitions de PME,avec plus de 500 op\u00e9rations r\u00e9ussies depuis 12 ans (350 cessions d\u2019entreprises et 150 acquisitions d\u2019entreprises), 50 lev\u00e9es de fonds et plus de 100 missions en permanence en portefeuille.<\/p>\n\n\n\n<p class=\"has-text-align-center\" style=\"font-size:1.3rem\">Francession dispose d\u2019 un r\u00e9seau complet sur toute la France et fournit \u00e0 ses membres des \u00e9changes sur les bonnes pratiques des fusions-acquisitions ainsi que des mises en relation avec les principaux acteurs du secteur (fonds d\u2019investissement, holdings familiales, grands groupes etc&#8230;).<\/p>\n\n\n\n<figure class=\"wp-block-image aligncenter size-large is-resized\"><img loading=\"lazy\" decoding=\"async\" width=\"1024\" height=\"726\" src=\"https:\/\/arlieconsulting.fr\/wp-content\/uploads\/2024\/10\/Carte-de-France-FRANCESSION-juillet-2024_page-0001-1024x726.jpg\" alt=\"\" class=\"wp-image-19\" style=\"width:690px;height:auto\" srcset=\"https:\/\/arlieconsulting.fr\/wp-content\/uploads\/2024\/10\/Carte-de-France-FRANCESSION-juillet-2024_page-0001-1024x726.jpg 1024w, https:\/\/arlieconsulting.fr\/wp-content\/uploads\/2024\/10\/Carte-de-France-FRANCESSION-juillet-2024_page-0001-300x213.jpg 300w, https:\/\/arlieconsulting.fr\/wp-content\/uploads\/2024\/10\/Carte-de-France-FRANCESSION-juillet-2024_page-0001-768x545.jpg 768w, https:\/\/arlieconsulting.fr\/wp-content\/uploads\/2024\/10\/Carte-de-France-FRANCESSION-juillet-2024_page-0001-1536x1089.jpg 1536w, https:\/\/arlieconsulting.fr\/wp-content\/uploads\/2024\/10\/Carte-de-France-FRANCESSION-juillet-2024_page-0001.jpg 2000w\" sizes=\"auto, (max-width: 1024px) 100vw, 1024px\" \/><\/figure>\n\n\n\n<div class=\"wp-block-group is-layout-constrained wp-container-core-group-is-layout-82764ef8 wp-block-group-is-layout-constrained\">\n<div class=\"wp-block-columns is-layout-flex wp-container-core-columns-is-layout-28f84493 wp-block-columns-is-layout-flex\">\n<div class=\"wp-block-column is-layout-flow wp-block-column-is-layout-flow\" style=\"flex-basis:100%\">\n<figure class=\"wp-block-embed aligncenter is-type-video is-provider-youtube wp-block-embed-youtube wp-embed-aspect-16-9 wp-has-aspect-ratio\" style=\"margin-top:0;margin-bottom:0\"><div class=\"wp-block-embed__wrapper\">\n<iframe loading=\"lazy\" title=\"Pr\u00e9sentation de l&#039;activit\u00e9 de cessions\/acquisitions lev\u00e9es de fonds de Francession - Herv\u00e9 Bernaille\" width=\"500\" height=\"281\" src=\"https:\/\/www.youtube.com\/embed\/jcKPLD0PRtg?feature=oembed\" frameborder=\"0\" allow=\"accelerometer; autoplay; clipboard-write; encrypted-media; gyroscope; picture-in-picture; web-share\" referrerpolicy=\"strict-origin-when-cross-origin\" allowfullscreen><\/iframe>\n<\/div><\/figure>\n<\/div>\n<\/div>\n<\/div>\n\n\n\n<h2 class=\"wp-block-heading has-text-align-center has-large-font-size\">En savoir plus sur <a href=\"https:\/\/francession.com\">francession.com<\/a><br><br><\/h2>\n\n\n\n<h2 class=\"wp-block-heading has-text-align-center has-x-large-font-size\">R\u00e9f\u00e9rences<\/h2>\n\n\n\n<p class=\"has-text-align-center\" style=\"margin-top:0;margin-right:0;margin-bottom:0;margin-left:0;font-size:1.3rem\">Arlie a men\u00e9 \u00e0 bien depuis 2011 plus de 50 op\u00e9rations dans de nombreux secteurs d\u2019activit\u00e9, principalement des cessions, mais aussi des lev\u00e9es de fonds, et des op\u00e9rations de valorisation, et op\u00e9rations financi\u00e8res diverses, \u00e0 80% dans la r\u00e9gion Rh\u00f4ne-Alpes, le reste en r\u00e9gion parisienne et en Suisse.<br>Son dirigeant avait men\u00e9 avant la cr\u00e9ation d\u2019Arlie de nombreuses op\u00e9rations de fusion d\u2019acquisition, soit comme banquier d\u2019affaires, soit comme dirigeant d\u2019entreprise.<\/p>\n\n\n\n<p class=\"has-text-align-center\"><\/p>\n","protected":false},"excerpt":{"rendered":"<p>Exp\u00e9riences Petit texte d&rsquo;explication. Lorem ipsum&#8230; zetergzhedfhzfheiojfzpojefopzjefozejfopzjefiopzefjizpejfipzejfiozpejfopzejfopzjefopzjefopzjefopzejfopzjefopzejfozjefopzjefopzejfopzejfopzejfopzejfopzefjozpejfopzejfozpefjozpefjopzejfozefjozpejfopzejfopzejfopzejfzopefjozpefjzopefjozpejfzopejfpozefjopzefjpzoefjopefjezopjfzp Expertises Petit texte d&rsquo;explication. Lorem ipsum&#8230; zetergzhedfhzfheiojfzpojefopzjefozejfopzjefiopzefjizpejfipzejfiozpejfopzejfopzjefopzjefopzjefopzejfopzjefopzejfozjefopzjefopzejfopzejfopzejfopzejfopzefjozpejfopzejfozpefjozpefjopzejfozefjozpejfopzejfopzejfopzejfzopefjozpefjzopefjozpejfzopejfpozefjopzefjpzoefjopefjezopjfzp Prestation globale Petit texte d&rsquo;explication. Lorem ipsum&#8230; zetergzhedfhzfheiojfzpojefopzjefozejfopzjefiopzefjizpejfipzejfiozpejfopzejfopzjefopzjefopzjefopzejfopzjefopzejfozjefopzjefopzejfopzejfopz Nos prestations Valorisation Petit texte d&rsquo;explication. Lorem ipsum&#8230; zetergzhedfhzfheiojfzpojefopzjefozejfopzjefiopzefjizpejfipzejfiozpejfopzejfopzjefopzjefopzjefopzejfopzjefopzejfozjefopzjefopzejfopzejfopzejfopzejfopzefjozpejfopzejfozpefjozpefjopzejfozefjozpejfopzejfopzejfopzejfzopefjozpefjzopefjozpejfzopejfpozefjopzefjpzoefjopefjezopjfzp Analyse strat\u00e9gique Petit texte d&rsquo;explication. Lorem ipsum&#8230; zetergzhedfhzfheiojfzpojefopzjefozejfopzjefiopzefjizpejfipzejfiozpejfopzejfopzjefopzjefopzjefopzejfopzjefopzejfozjefopzjefopzejfopzejfopzejfopzejfopzefjozpejfopzejfozpefjozpefjopzejfozefjozpejfopzejfopzejfopzejfzopefjozpefjzopefjozpej Cession Acquisition Lev\u00e9e de fonds Petit texte d&rsquo;explication. Lorem ipsum&#8230; zetergzhedfhzfheiojfzpojefopzjefozejfopzjefiopzefjizpejfipzejfiozpejfopzejfopzjefopzjefopzjefopzejfopzjefopzejfozjefopzjefopzejfopzejfopzejfopzejfopzefjozpej Ing\u00e9nierie du patrimoine et financi\u00e8re [&hellip;]<\/p>\n","protected":false},"author":1,"featured_media":0,"parent":0,"menu_order":0,"comment_status":"closed","ping_status":"closed","template":"","meta":{"footnotes":""},"class_list":["post-9","page","type-page","status-publish","hentry"],"_links":{"self":[{"href":"https:\/\/arlieconsulting.fr\/index.php?rest_route=\/wp\/v2\/pages\/9","targetHints":{"allow":["GET"]}}],"collection":[{"href":"https:\/\/arlieconsulting.fr\/index.php?rest_route=\/wp\/v2\/pages"}],"about":[{"href":"https:\/\/arlieconsulting.fr\/index.php?rest_route=\/wp\/v2\/types\/page"}],"author":[{"embeddable":true,"href":"https:\/\/arlieconsulting.fr\/index.php?rest_route=\/wp\/v2\/users\/1"}],"replies":[{"embeddable":true,"href":"https:\/\/arlieconsulting.fr\/index.php?rest_route=%2Fwp%2Fv2%2Fcomments&post=9"}],"version-history":[{"count":31,"href":"https:\/\/arlieconsulting.fr\/index.php?rest_route=\/wp\/v2\/pages\/9\/revisions"}],"predecessor-version":[{"id":89,"href":"https:\/\/arlieconsulting.fr\/index.php?rest_route=\/wp\/v2\/pages\/9\/revisions\/89"}],"wp:attachment":[{"href":"https:\/\/arlieconsulting.fr\/index.php?rest_route=%2Fwp%2Fv2%2Fmedia&parent=9"}],"curies":[{"name":"wp","href":"https:\/\/api.w.org\/{rel}","templated":true}]}}